{"id":1115,"date":"2020-08-13T17:28:43","date_gmt":"2020-08-13T16:28:43","guid":{"rendered":"http:\/\/greenboots.pt\/?page_id=1115"},"modified":"2020-11-14T10:28:26","modified_gmt":"2020-11-14T10:28:26","slug":"encomendas","status":"publish","type":"page","link":"https:\/\/www.greenboots.pt\/en\/encomendas\/","title":{"rendered":"Encomendas"},"content":{"rendered":"<p>[et_pb_section fb_built=&#8221;1&#8243; _builder_version=&#8221;4.4.9&#8243; custom_padding=&#8221;0px||0px||true|false&#8221;][et_pb_row _builder_version=&#8221;4.4.9&#8243; custom_padding=&#8221;20px||40px||false|false&#8221; locked=&#8221;off&#8221;][et_pb_column type=&#8221;4_4&#8243; _builder_version=&#8221;4.4.9&#8243;][et_pb_code _builder_version=&#8221;4.4.9&#8243; custom_css_main_element=&#8221;font-weight: 300;||font-size: 11px;||letter-spacing: 1px;||text-transform: uppercase;||color: #999 !important;&#8221; locked=&#8221;off&#8221; custom_css_main_element__hover_enabled=&#8221;on|desktop&#8221; custom_css_main_element__hover=&#8221;color: #000;&#8221;]<span><span><a href=\"https:\/\/www.greenboots.pt\/\">In\u00edcio<\/a><\/span><\/span>[\/et_pb_code][et_pb_text _builder_version=&#8221;4.4.9&#8243; header_font=&#8221;||||||||&#8221; header_4_font=&#8221;|700||on|||||&#8221; header_4_text_align=&#8221;center&#8221; header_4_letter_spacing=&#8221;1px&#8221; header_4_line_height=&#8221;1.5em&#8221; text_orientation=&#8221;center&#8221; custom_margin=&#8221;70px||||false|false&#8221; custom_padding=&#8221;||||false|false&#8221;]<\/p>\n<h4 style=\"padding-bottom: 0px;\">Encomendas<\/h4>\n<p>Como utilizar a nossa loja online[\/et_pb_text][\/et_pb_column][\/et_pb_row][\/et_pb_section][et_pb_section fb_built=&#8221;1&#8243; _builder_version=&#8221;4.4.9&#8243; custom_padding=&#8221;0px||0px||true|false&#8221;][et_pb_row _builder_version=&#8221;4.4.9&#8243; custom_padding=&#8221;0px||100px||false|false&#8221;][et_pb_column type=&#8221;4_4&#8243; _builder_version=&#8221;4.4.9&#8243;][et_pb_text _builder_version=&#8221;4.4.9&#8243; module_alignment=&#8221;center&#8221; custom_padding=&#8221;||50px||false|false&#8221; custom_css_before=&#8221;content: %22Encomendar e pagar%22;||text-transform: uppercase;||color: #5E8D71;||border-bottom: 1px solid #5E8D71;||display: flex;||align-items: flex-end;||margin: 0 0 25px;&#8221;]<\/p>\n<p>Quando encontrar um artigo que pretenda comprar, basta selecionar o seu tamanho (disponibilizamos uma hiperliga\u00e7\u00e3o de ajuda para confirmar o seu tamanho) e a quantidade que pretende comprar.<\/p>\n<p>Em seguida, clique no bot\u00e3o <b>ADD TO CART<\/b>. Pode continuar a comprar e adicionar mais artigos ao seu cesto, ou pode terminar a compra selecionando <b>CHECKOUT<\/b>.<\/p>\n<p>Se realizar a compra diretamente na nossa loja, pode optar por pagar com <span style=\"text-decoration: underline;\">cart\u00e3o de cr\u00e9dito<\/span>, <span style=\"text-decoration: underline;\">PayPal<\/span>, <span style=\"text-decoration: underline;\">Multibanco<\/span>\u00a0ou\u00a0<span style=\"text-decoration: underline;\">transfer\u00eancia banc\u00e1ria<\/span>.<\/p>\n<p>[\/et_pb_text][et_pb_text _builder_version=&#8221;4.4.9&#8243; module_alignment=&#8221;center&#8221; custom_padding=&#8221;||||false|false&#8221; custom_css_before=&#8221;content: %22Transfer\u00eancias Banc\u00e1rias%22;||text-transform: uppercase;||color: #5E8D71;||border-bottom: 1px solid #5E8D71;||display: flex;||align-items: flex-end;||margin: 0 0 25px;&#8221; link_text_color__hover_enabled=&#8221;on|hover&#8221; link_text_color__hover=&#8221;#999999&#8243;]<\/p>\n<p style=\"font-size: 16px;\"><strong>BANCO: BPI<\/strong><\/p>\n<p><strong>NIB:<\/strong> 0010 0000 46593210001 64<\/p>\n<p><strong>IBAN:<\/strong> PT50 0010 0000 4659 3210 0016 4<\/p>\n<p style=\"padding-bottom: 30px;\"><strong>SWIFT\/BIC:<\/strong> BBPIPTPL<\/p>\n<p>Em caso de d\u00favida, queira contactar-nos pelo endere\u00e7o de correio eletr\u00f3nico: <a href=\"mailto:info@greenboots.pt\">info@greenboots.pt<\/a>.[\/et_pb_text][\/et_pb_column][\/et_pb_row][\/et_pb_section]<\/p>\n","protected":false},"excerpt":{"rendered":"<p><span><span><a href=\"https:\/\/www.greenboots.pt\/\">In\u00edcio<\/a><\/span><\/span>Encomendas Como utilizar a nossa loja onlineQuando encontrar um artigo que pretenda comprar, basta selecionar o seu tamanho (disponibilizamos uma hiperliga\u00e7\u00e3o de ajuda para confirmar o seu tamanho) e a quantidade que pretende comprar. Em seguida, clique no bot\u00e3o ADD TO CART. Pode continuar a comprar e adicionar mais artigos ao seu cesto, ou pode [&hellip;]<\/p>\n","protected":false},"author":1,"featured_media":0,"parent":0,"menu_order":12,"comment_status":"closed","ping_status":"open","template":"","meta":{"_et_pb_use_builder":"on","_et_pb_old_content":"","_et_gb_content_width":"","footnotes":""},"class_list":["post-1115","page","type-page","status-publish","hentry"],"yoast_head":"<!-- This site is optimized with the Yoast SEO plugin v27.3 - https:\/\/yoast.com\/product\/yoast-seo-wordpress\/ -->\r\n<title>Encomendas - Green Boots<\/title>\r\n<meta name=\"robots\" content=\"noindex, follow\" \/>\r\n<meta property=\"og:locale\" content=\"en_GB\" \/>\r\n<meta property=\"og:type\" content=\"article\" \/>\r\n<meta property=\"og:title\" content=\"Encomendas - Green Boots\" \/>\r\n<meta property=\"og:description\" content=\"Encomendas Como utilizar a nossa loja onlineQuando encontrar um artigo que pretenda comprar, basta selecionar o seu tamanho (disponibilizamos uma hiperliga\u00e7\u00e3o de ajuda para confirmar o seu tamanho) e a quantidade que pretende comprar. Em seguida, clique no bot\u00e3o ADD TO CART. Pode continuar a comprar e adicionar mais artigos ao seu cesto, ou pode [&hellip;]\" \/>\r\n<meta property=\"og:url\" content=\"https:\/\/www.greenboots.pt\/en\/encomendas\/\" \/>\r\n<meta property=\"og:site_name\" content=\"Green Boots\" \/>\r\n<meta property=\"article:publisher\" content=\"https:\/\/www.facebook.com\/itsgreenboots\" \/>\r\n<meta property=\"article:modified_time\" content=\"2020-11-14T10:28:26+00:00\" \/>\r\n<meta property=\"og:image\" content=\"https:\/\/www.greenboots.pt\/wp-content\/uploads\/2020\/11\/green-boots-seo.png\" \/>\r\n\t<meta property=\"og:image:width\" content=\"1200\" \/>\r\n\t<meta property=\"og:image:height\" content=\"630\" \/>\r\n\t<meta property=\"og:image:type\" content=\"image\/png\" \/>\r\n<meta name=\"twitter:card\" content=\"summary_large_image\" \/>\r\n<meta name=\"twitter:label1\" content=\"Estimated reading time\" \/>\n\t<meta name=\"twitter:data1\" content=\"2 minutes\" \/>\r\n<script type=\"application\/ld+json\" class=\"yoast-schema-graph\">{\"@context\":\"https:\\\/\\\/schema.org\",\"@graph\":[{\"@type\":\"WebPage\",\"@id\":\"https:\\\/\\\/www.greenboots.pt\\\/encomendas\\\/\",\"url\":\"https:\\\/\\\/www.greenboots.pt\\\/encomendas\\\/\",\"name\":\"Encomendas - Green Boots\",\"isPartOf\":{\"@id\":\"https:\\\/\\\/www.greenboots.pt\\\/#website\"},\"datePublished\":\"2020-08-13T16:28:43+00:00\",\"dateModified\":\"2020-11-14T10:28:26+00:00\",\"breadcrumb\":{\"@id\":\"https:\\\/\\\/www.greenboots.pt\\\/encomendas\\\/#breadcrumb\"},\"inLanguage\":\"en-GB\",\"potentialAction\":[{\"@type\":\"ReadAction\",\"target\":[\"https:\\\/\\\/www.greenboots.pt\\\/encomendas\\\/\"]}]},{\"@type\":\"BreadcrumbList\",\"@id\":\"https:\\\/\\\/www.greenboots.pt\\\/encomendas\\\/#breadcrumb\",\"itemListElement\":[{\"@type\":\"ListItem\",\"position\":1,\"name\":\"In\u00edcio\",\"item\":\"https:\\\/\\\/www.greenboots.pt\\\/\"},{\"@type\":\"ListItem\",\"position\":2,\"name\":\"Encomendas\"}]},{\"@type\":\"WebSite\",\"@id\":\"https:\\\/\\\/www.greenboots.pt\\\/#website\",\"url\":\"https:\\\/\\\/www.greenboots.pt\\\/\",\"name\":\"Green Boots\",\"description\":\"Handmade in Portugal with love\",\"publisher\":{\"@id\":\"https:\\\/\\\/www.greenboots.pt\\\/#organization\"},\"potentialAction\":[{\"@type\":\"SearchAction\",\"target\":{\"@type\":\"EntryPoint\",\"urlTemplate\":\"https:\\\/\\\/www.greenboots.pt\\\/?s={search_term_string}\"},\"query-input\":{\"@type\":\"PropertyValueSpecification\",\"valueRequired\":true,\"valueName\":\"search_term_string\"}}],\"inLanguage\":\"en-GB\"},{\"@type\":\"Organization\",\"@id\":\"https:\\\/\\\/www.greenboots.pt\\\/#organization\",\"name\":\"Green Boots\",\"url\":\"https:\\\/\\\/www.greenboots.pt\\\/\",\"logo\":{\"@type\":\"ImageObject\",\"inLanguage\":\"en-GB\",\"@id\":\"https:\\\/\\\/www.greenboots.pt\\\/#\\\/schema\\\/logo\\\/image\\\/\",\"url\":\"https:\\\/\\\/www.greenboots.pt\\\/wp-content\\\/uploads\\\/2020\\\/11\\\/green-boots-seo.png\",\"contentUrl\":\"https:\\\/\\\/www.greenboots.pt\\\/wp-content\\\/uploads\\\/2020\\\/11\\\/green-boots-seo.png\",\"width\":1200,\"height\":630,\"caption\":\"Green Boots\"},\"image\":{\"@id\":\"https:\\\/\\\/www.greenboots.pt\\\/#\\\/schema\\\/logo\\\/image\\\/\"},\"sameAs\":[\"https:\\\/\\\/www.facebook.com\\\/itsgreenboots\",\"https:\\\/\\\/www.instagram.com\\\/itsgreenboots\\\/\"]}]}<\/script>\r\n<!-- \/ Yoast SEO plugin. -->","yoast_head_json":{"title":"Encomendas - Green Boots","robots":{"index":"noindex","follow":"follow"},"og_locale":"en_GB","og_type":"article","og_title":"Encomendas - Green Boots","og_description":"Encomendas Como utilizar a nossa loja onlineQuando encontrar um artigo que pretenda comprar, basta selecionar o seu tamanho (disponibilizamos uma hiperliga\u00e7\u00e3o de ajuda para confirmar o seu tamanho) e a quantidade que pretende comprar. Em seguida, clique no bot\u00e3o ADD TO CART. Pode continuar a comprar e adicionar mais artigos ao seu cesto, ou pode [&hellip;]","og_url":"https:\/\/www.greenboots.pt\/en\/encomendas\/","og_site_name":"Green Boots","article_publisher":"https:\/\/www.facebook.com\/itsgreenboots","article_modified_time":"2020-11-14T10:28:26+00:00","og_image":[{"width":1200,"height":630,"url":"https:\/\/www.greenboots.pt\/wp-content\/uploads\/2020\/11\/green-boots-seo.png","type":"image\/png"}],"twitter_card":"summary_large_image","twitter_misc":{"Estimated reading time":"2 minutes"},"schema":{"@context":"https:\/\/schema.org","@graph":[{"@type":"WebPage","@id":"https:\/\/www.greenboots.pt\/encomendas\/","url":"https:\/\/www.greenboots.pt\/encomendas\/","name":"Encomendas - Green Boots","isPartOf":{"@id":"https:\/\/www.greenboots.pt\/#website"},"datePublished":"2020-08-13T16:28:43+00:00","dateModified":"2020-11-14T10:28:26+00:00","breadcrumb":{"@id":"https:\/\/www.greenboots.pt\/encomendas\/#breadcrumb"},"inLanguage":"en-GB","potentialAction":[{"@type":"ReadAction","target":["https:\/\/www.greenboots.pt\/encomendas\/"]}]},{"@type":"BreadcrumbList","@id":"https:\/\/www.greenboots.pt\/encomendas\/#breadcrumb","itemListElement":[{"@type":"ListItem","position":1,"name":"In\u00edcio","item":"https:\/\/www.greenboots.pt\/"},{"@type":"ListItem","position":2,"name":"Encomendas"}]},{"@type":"WebSite","@id":"https:\/\/www.greenboots.pt\/#website","url":"https:\/\/www.greenboots.pt\/","name":"Green Boots","description":"Handmade in Portugal with love","publisher":{"@id":"https:\/\/www.greenboots.pt\/#organization"},"potentialAction":[{"@type":"SearchAction","target":{"@type":"EntryPoint","urlTemplate":"https:\/\/www.greenboots.pt\/?s={search_term_string}"},"query-input":{"@type":"PropertyValueSpecification","valueRequired":true,"valueName":"search_term_string"}}],"inLanguage":"en-GB"},{"@type":"Organization","@id":"https:\/\/www.greenboots.pt\/#organization","name":"Green Boots","url":"https:\/\/www.greenboots.pt\/","logo":{"@type":"ImageObject","inLanguage":"en-GB","@id":"https:\/\/www.greenboots.pt\/#\/schema\/logo\/image\/","url":"https:\/\/www.greenboots.pt\/wp-content\/uploads\/2020\/11\/green-boots-seo.png","contentUrl":"https:\/\/www.greenboots.pt\/wp-content\/uploads\/2020\/11\/green-boots-seo.png","width":1200,"height":630,"caption":"Green Boots"},"image":{"@id":"https:\/\/www.greenboots.pt\/#\/schema\/logo\/image\/"},"sameAs":["https:\/\/www.facebook.com\/itsgreenboots","https:\/\/www.instagram.com\/itsgreenboots\/"]}]}},"_links":{"self":[{"href":"https:\/\/www.greenboots.pt\/en\/wp-json\/wp\/v2\/pages\/1115","targetHints":{"allow":["GET"]}}],"collection":[{"href":"https:\/\/www.greenboots.pt\/en\/wp-json\/wp\/v2\/pages"}],"about":[{"href":"https:\/\/www.greenboots.pt\/en\/wp-json\/wp\/v2\/types\/page"}],"author":[{"embeddable":true,"href":"https:\/\/www.greenboots.pt\/en\/wp-json\/wp\/v2\/users\/1"}],"replies":[{"embeddable":true,"href":"https:\/\/www.greenboots.pt\/en\/wp-json\/wp\/v2\/comments?post=1115"}],"version-history":[{"count":0,"href":"https:\/\/www.greenboots.pt\/en\/wp-json\/wp\/v2\/pages\/1115\/revisions"}],"wp:attachment":[{"href":"https:\/\/www.greenboots.pt\/en\/wp-json\/wp\/v2\/media?parent=1115"}],"curies":[{"name":"wp","href":"https:\/\/api.w.org\/{rel}","templated":true}]}}