{"id":1143,"date":"2020-08-13T17:50:18","date_gmt":"2020-08-13T16:50:18","guid":{"rendered":"http:\/\/greenboots.pt\/?page_id=1143"},"modified":"2022-04-04T17:17:32","modified_gmt":"2022-04-04T16:17:32","slug":"politica-privacidade","status":"publish","type":"page","link":"https:\/\/www.greenboots.pt\/en\/politica-privacidade\/","title":{"rendered":"Privacy Policy"},"content":{"rendered":"<p>[et_pb_section fb_built=&#8221;1&#8243; _builder_version=&#8221;4.4.9&#8243; custom_padding=&#8221;0px||0px||true|false&#8221; global_colors_info=&#8221;{}&#8221;][et_pb_row _builder_version=&#8221;4.4.9&#8243; custom_padding=&#8221;20px||40px||false|false&#8221; locked=&#8221;off&#8221; global_colors_info=&#8221;{}&#8221;][et_pb_column type=&#8221;4_4&#8243; _builder_version=&#8221;4.4.9&#8243; global_colors_info=&#8221;{}&#8221;][et_pb_code _builder_version=&#8221;4.4.9&#8243; custom_css_main_element=&#8221;font-weight: 300;||font-size: 11px;||letter-spacing: 1px;||text-transform: uppercase;||color: #999 !important;&#8221; locked=&#8221;off&#8221; global_colors_info=&#8221;{}&#8221; custom_css_main_element__hover_enabled=&#8221;on|desktop&#8221; custom_css_main_element__hover=&#8221;color: #000;&#8221;]<span><span><a href=\"https:\/\/www.greenboots.pt\/\">In\u00edcio<\/a><\/span><\/span>[\/et_pb_code][et_pb_text _builder_version=&#8221;4.4.9&#8243; header_font=&#8221;||||||||&#8221; header_4_font=&#8221;|700||on|||||&#8221; header_4_text_align=&#8221;center&#8221; header_4_letter_spacing=&#8221;1px&#8221; header_4_line_height=&#8221;1.5em&#8221; text_orientation=&#8221;center&#8221; custom_margin=&#8221;70px||||false|false&#8221; custom_padding=&#8221;||||false|false&#8221; global_colors_info=&#8221;{}&#8221;]<\/p>\n<h4 style=\"padding-bottom: 0px;\">Pol\u00edtica de Privacidade<\/h4>\n<p>Consulte a nossa Pol\u00edtica de Privacidade[\/et_pb_text][\/et_pb_column][\/et_pb_row][\/et_pb_section][et_pb_section fb_built=&#8221;1&#8243; _builder_version=&#8221;4.4.9&#8243; custom_padding=&#8221;0px||0px||true|false&#8221; global_colors_info=&#8221;{}&#8221;][et_pb_row _builder_version=&#8221;4.4.9&#8243; custom_padding=&#8221;0px||100px||false|false&#8221; global_colors_info=&#8221;{}&#8221;][et_pb_column type=&#8221;4_4&#8243; _builder_version=&#8221;4.4.9&#8243; global_colors_info=&#8221;{}&#8221;][et_pb_text _builder_version=&#8221;4.7.3&#8243; _module_preset=&#8221;default&#8221; text_font=&#8221;|300||on|||||&#8221; text_text_color=&#8221;#5e8d71&#8243; custom_margin=&#8221;||25px||false|false&#8221; border_width_bottom=&#8221;1px&#8221; border_color_bottom=&#8221;#5e8d71&#8243; locked=&#8221;off&#8221; global_colors_info=&#8221;{}&#8221;]Informa\u00e7\u00e3o[\/et_pb_text][et_pb_text _builder_version=&#8221;4.7.3&#8243; module_alignment=&#8221;center&#8221; custom_padding=&#8221;||50px||false|false&#8221; global_colors_info=&#8221;{}&#8221;]A presente pol\u00edtica abrange todos os utilizadores que procedam ao respetivo registo para utilizar o website da GREEN BOOTS. N\u00e3o \u00e9 necess\u00e1rio realizar o registo para aceder \u00e0 funcionalidade de pesquisa do website, mas esse mesmo acesso poder\u00e1 ser condicionado a determinadas \u00e1reas como referido na Cl\u00e1usula 2 abaixo. O acesso ao site da GREEN BOOTS \u00e9 gratuito para todos os utilizadores.<\/p>\n<p>Comprometemo-nos a proteger a sua privacidade enquanto usa os nossos servi\u00e7os online. Para proteger a sua privacidade, aplicamos cinco princ\u00edpios sobre os quais se poder\u00e1 informar abaixo.[\/et_pb_text][et_pb_text _builder_version=&#8221;4.7.3&#8243; _module_preset=&#8221;default&#8221; text_font=&#8221;|300||on|||||&#8221; text_text_color=&#8221;#5e8d71&#8243; custom_margin=&#8221;||25px||false|false&#8221; border_width_bottom=&#8221;1px&#8221; border_color_bottom=&#8221;#5e8d71&#8243; locked=&#8221;off&#8221; global_colors_info=&#8221;{}&#8221;]Aviso[\/et_pb_text][et_pb_text _builder_version=&#8221;4.14.8&#8243; module_alignment=&#8221;center&#8221; custom_padding=&#8221;||50px||false|false&#8221; hover_enabled=&#8221;0&#8243; global_colors_info=&#8221;{}&#8221; link_text_color__hover_enabled=&#8221;on|hover&#8221; link_text_color__hover=&#8221;#999999&#8243; sticky_enabled=&#8221;0&#8243;]<\/p>\n<p>Durante o processo de registo, solicitamos informa\u00e7\u00f5es de car\u00e1cter pessoal que identificam o utilizador e que, ao mesmo tempo, nos permitem entrar em contacto com o mesmo.<\/p>\n<p>Para ajudar a prevenir casos de fraude, informamos que poderemos realizar pesquisas junto das entidades de cr\u00e9dito de refer\u00eancia com o prop\u00f3sito de verificar a identidade dos utilizadores. Estas entidades disponibilizar\u00e3o informa\u00e7\u00f5es atrav\u00e9s de instrumentos, tais como, os cadernos eleitorais. Pese embora o facto de estas entidades registarem os pedidos de informa\u00e7\u00e3o, garantimos que estes pedidos n\u00e3o podem ser consultados ou utilizados por terceiros para averiguar a sua capacidade de obter cr\u00e9dito.<\/p>\n<p style=\"padding-top: 30px;\">As informa\u00e7\u00f5es fornecidas pelos clientes ser\u00e3o utilizadas da nossa parte apenas com as seguintes finalidades:<\/p>\n<ul>\n<li>Enviar atualiza\u00e7\u00f5es relativamente ao estado das suas encomendas;<\/li>\n<li>Enviar newsletters e informa\u00e7\u00f5es relativas a ofertas e promo\u00e7\u00f5es que podem ser do seu interesse;<\/li>\n<li>Para melhorar o conte\u00fado, design e layout do website da GREEN BOOTS e para facilitar a gest\u00e3o de conhecimento;<\/li>\n<li>Para analisar os interesses e h\u00e1bitos de compra dos nossos utilizadores registados;<\/li>\n<li>Para realizar outras atividades de car\u00e1cter geral relativas a marketing, campanhas promocionais centradas nos nossos servi\u00e7os e produtos. Tamb\u00e9m poderemos proceder ao registo dos utilizadores em outros servi\u00e7os que oferecemos se acharmos que podem ser \u00fateis ou do seu interesse.<\/li>\n<\/ul>\n<p>A presente pol\u00edtica de privacidade diz respeito apenas ao website da GREEN BOOTS.<\/p>\n<p style=\"padding-top: 30px;\">A <strong>Rafaela Silva, Unipessoal Lda.<\/strong>, recolhe os seus dados com a finalidade da rela\u00e7\u00e3o comercial que pretende estabelecer connosco e assume um compromisso claro e s\u00e9rio de privacidade e seguran\u00e7a no processamento e na manuten\u00e7\u00e3o de dados pessoais de cada cliente.<\/p>\n<p>Os seus dados pessoais n\u00e3o ser\u00e3o transferidos para qualquer outra entidade sem a sua autoriza\u00e7\u00e3o expressa.<\/p>\n<p>Para efetuar a elimina\u00e7\u00e3o dos seus dados pessoais envie, por favor, um email com essa mensagem para <a href=\"mailto:info@greenboots.pt\">info@greenboots.pt<\/a>.<\/p>\n<p>[\/et_pb_text][et_pb_text _builder_version=&#8221;4.7.3&#8243; _module_preset=&#8221;default&#8221; text_font=&#8221;|300||on|||||&#8221; text_text_color=&#8221;#5e8d71&#8243; custom_margin=&#8221;||25px||false|false&#8221; border_width_bottom=&#8221;1px&#8221; border_color_bottom=&#8221;#5e8d71&#8243; locked=&#8221;off&#8221; global_colors_info=&#8221;{}&#8221;]Consentimento e op\u00e7\u00e3o[\/et_pb_text][et_pb_text _builder_version=&#8221;4.7.3&#8243; module_alignment=&#8221;center&#8221; custom_padding=&#8221;||50px||false|false&#8221; global_colors_info=&#8221;{}&#8221; link_text_color__hover_enabled=&#8221;on|hover&#8221; link_text_color__hover=&#8221;#999999&#8243;]<\/p>\n<p><span>Se optar por n\u00e3o realizar o registo ou n\u00e3o fornecer informa\u00e7\u00f5es de car\u00e1cter pessoal, poder\u00e1 visitar o website da GREEN BOOTS, mas n\u00e3o poder\u00e1 aceder a \u00e1reas exclusivas de utilizadores registados. Ao realizar o registo, aceita os Termos e Condi\u00e7\u00f5es descritos e autoriza a utiliza\u00e7\u00e3o das suas informa\u00e7\u00f5es nos termos previstos.<\/span><\/p>\n<p>[\/et_pb_text][et_pb_text _builder_version=&#8221;4.7.3&#8243; _module_preset=&#8221;default&#8221; text_font=&#8221;|300||on|||||&#8221; text_text_color=&#8221;#5e8d71&#8243; custom_margin=&#8221;||25px||false|false&#8221; border_width_bottom=&#8221;1px&#8221; border_color_bottom=&#8221;#5e8d71&#8243; locked=&#8221;off&#8221; global_colors_info=&#8221;{}&#8221;]Seguran\u00e7a[\/et_pb_text][et_pb_text _builder_version=&#8221;4.7.3&#8243; module_alignment=&#8221;center&#8221; custom_padding=&#8221;||50px||false|false&#8221; global_colors_info=&#8221;{}&#8221; link_text_color__hover_enabled=&#8221;on|hover&#8221; link_text_color__hover=&#8221;#999999&#8243;]<\/p>\n<p><span>Adot\u00e1mos medidas adequadas para garantir que as suas informa\u00e7\u00f5es pessoais n\u00e3o s\u00e3o utilizadas de forma ilegal. <\/span><\/p>\n<p><span>A GREEN BOOTS usa os procedimentos comuns do setor para garantir a confidencialidade das suas informa\u00e7\u00f5es pessoais de identifica\u00e7\u00e3o, incluindo &#8220;firewalls&#8221;. No entanto, n\u00e3o nos \u00e9 poss\u00edvel garantir a seguran\u00e7a total das informa\u00e7\u00f5es transferidas atrav\u00e9s da Internet ou redes sem fios. Recorremos a diversos procedimentos de seguran\u00e7a para proteger tais dados do acesso n\u00e3o autorizado por parte de utilizadores internos e externos \u00e0 empresa. N\u00e3o procederemos \u00e0 transfer\u00eancia das suas informa\u00e7\u00f5es pessoais para fora da Uni\u00e3o Europeia, salvo indica\u00e7\u00e3o expressa em contr\u00e1rio.<\/span><\/p>\n<p>[\/et_pb_text][et_pb_text _builder_version=&#8221;4.7.3&#8243; _module_preset=&#8221;default&#8221; text_font=&#8221;|300||on|||||&#8221; text_text_color=&#8221;#5e8d71&#8243; custom_margin=&#8221;||25px||false|false&#8221; border_width_bottom=&#8221;1px&#8221; border_color_bottom=&#8221;#5e8d71&#8243; locked=&#8221;off&#8221; global_colors_info=&#8221;{}&#8221;]Quest\u00f5es[\/et_pb_text][et_pb_text _builder_version=&#8221;4.7.3&#8243; module_alignment=&#8221;center&#8221; custom_padding=&#8221;||50px||false|false&#8221; global_colors_info=&#8221;{}&#8221; link_text_color__hover_enabled=&#8221;on|hover&#8221; link_text_color__hover=&#8221;#999999&#8243;]<\/p>\n<p>Se tiver quest\u00f5es sobre a presente pol\u00edtica de privacidade, ou sobre a utiliza\u00e7\u00e3o das suas informa\u00e7\u00f5es pessoais, ou se pretender solicitar que a empresa deixe de utilizar as suas informa\u00e7\u00f5es, queira por favor entrar em contacto connosco atrav\u00e9s do endere\u00e7o de correio eletr\u00f3nico: <a href=\"mailto:info@greenboots.pt\">info@greenboots.pt<\/a>.<\/p>\n<p>Utilize este mesmo endere\u00e7o para ver esclarecidas quest\u00f5es relativas \u00e0 privacidade.<\/p>\n<p>[\/et_pb_text][et_pb_text _builder_version=&#8221;4.7.3&#8243; _module_preset=&#8221;default&#8221; text_font=&#8221;|300||on|||||&#8221; text_text_color=&#8221;#5e8d71&#8243; custom_margin=&#8221;||25px||false|false&#8221; border_width_bottom=&#8221;1px&#8221; border_color_bottom=&#8221;#5e8d71&#8243; locked=&#8221;off&#8221; global_colors_info=&#8221;{}&#8221;]Altera\u00e7\u00f5es \u00e0 presente pol\u00edtica[\/et_pb_text][et_pb_text _builder_version=&#8221;4.7.3&#8243; module_alignment=&#8221;center&#8221; custom_padding=&#8221;||50px||false|false&#8221; global_colors_info=&#8221;{}&#8221; link_text_color__hover_enabled=&#8221;on|hover&#8221; link_text_color__hover=&#8221;#999999&#8243; sticky_enabled=&#8221;0&#8243;]<\/p>\n<p><span>Se decidirmos fazer altera\u00e7\u00f5es \u00e0 presente pol\u00edtica de privacidade, essas mesmas altera\u00e7\u00f5es ser\u00e3o publicadas nesta p\u00e1gina para que o utilizador esteja sempre ciente das informa\u00e7\u00f5es recolhidas, da forma como usamos essa mesma informa\u00e7\u00e3o e as circunst\u00e2ncias da sua divulga\u00e7\u00e3o.<\/span><\/p>\n<p>[\/et_pb_text][et_pb_text _builder_version=&#8221;4.14.8&#8243; _module_preset=&#8221;default&#8221; text_font=&#8221;|300||on|||||&#8221; text_text_color=&#8221;#5e8d71&#8243; custom_margin=&#8221;||25px||false|false&#8221; hover_enabled=&#8221;0&#8243; border_width_bottom=&#8221;1px&#8221; border_color_bottom=&#8221;#5e8d71&#8243; locked=&#8221;off&#8221; global_colors_info=&#8221;{}&#8221; sticky_enabled=&#8221;0&#8243;]Cookies[\/et_pb_text][et_pb_text _builder_version=&#8221;4.14.8&#8243; module_alignment=&#8221;center&#8221; custom_padding=&#8221;||||false|false&#8221; hover_enabled=&#8221;0&#8243; global_colors_info=&#8221;{}&#8221; link_text_color__hover_enabled=&#8221;on|hover&#8221; link_text_color__hover=&#8221;#999999&#8243; sticky_enabled=&#8221;0&#8243;]<\/p>\n<p>Um cookie \u00e9 um pequeno ficheiro de texto que \u00e9 gravado no seu computador ou dispositivo m\u00f3vel para leitura em visitas posteriores. Se utilizar os nossos servi\u00e7os, assumiremos que concorda com a utiliza\u00e7\u00e3o de cookies.<\/p>\n<p style=\"padding-top: 30px;\"><strong>Como \u00e9 que utilizamos os cookies?<\/strong><\/p>\n<p>Utilizamos cookies permanentes para guardar a sua escolha de p\u00e1gina inicial e para guardar os seus detalhes, caso selecione \u201cLembrar-me\u201d quando iniciar sess\u00e3o.<\/p>\n<p>Utilizaremos cookies para guardar os seus produtos favoritos.<\/p>\n<p>Utilizamos cookies de sess\u00e3o, por exemplo, quando utiliza a fun\u00e7\u00e3o de filtro de produtos, para verificar se tem sess\u00e3o iniciada ou se coloca um artigo no seu saco de compras.<\/p>\n<p>Utilizamos cookies do nosso website e de terceiros para recolher estat\u00edsticas e dados de utilizador, de forma agregada e individual, em ferramentas de an\u00e1lise, a fim de otimizar o nosso site e apresentar-lhe material de marketing relevante.<\/p>\n<p>Alguns cookies de terceiros s\u00e3o configurados por servi\u00e7os que aparecem nas nossas p\u00e1ginas e que n\u00e3o est\u00e3o sob nosso controlo. S\u00e3o configurados por fornecedores de redes sociais como o Twitter, o Facebook e o Vimeo, e permitem aos utilizadores partilharem conte\u00fados nestes sites, conforme indicado pelo respetivo \u00edcone.<\/p>\n<p>Tamb\u00e9m utilizamos cookies de terceiros que realizam o rastreamento entre sites, para lhe podermos oferecer material de marketing noutros sites\/canais.<\/p>\n<p style=\"padding-top: 30px;\"><strong>Que tipos de dados pessoais tratamos?<\/strong><\/p>\n<p>S\u00f3 associaremos o seu ID de cookie aos seus dados pessoais enviados e recolhidos no \u00e2mbito da sua conta, se tiver sess\u00e3o iniciada na sua conta.<\/p>\n<p style=\"padding-top: 30px;\"><strong>Quem tem acesso aos seus dados pessoais?<\/strong><\/p>\n<p>Os dados disponibilizados a terceiros, s\u00e3o utilizados apenas para lhe prestar os servi\u00e7os acima referidos. Recorremos a ferramentas de an\u00e1lise para recolher estat\u00edsticas, a fim de otimizar o nosso site e apresentar-lhe material relevante.<\/p>\n<p style=\"padding-top: 30px;\"><strong>Qual \u00e9 o fundamento legal de tratamento dos seus dados pessoais?<\/strong><\/p>\n<p>S\u00f3 associaremos os seus cookies aos seus dados pessoais, sempre que inicie a sess\u00e3o na sua conta GREEN BOOTS. Se tiver sess\u00e3o iniciada na sua conta, o fundamento legal \u00e9 o nosso interesse leg\u00edtimo.<\/p>\n<p style=\"padding-top: 30px;\"><strong>Durante quanto tempo guardamos os seus dados?<\/strong><\/p>\n<p>A GREEN BOOTS n\u00e3o guarda os seus dados pessoais. Pode facilmente apagar os cookies do seu computador ou dispositivo m\u00f3vel utilizando o seu browser. Para obter instru\u00e7\u00f5es sobre como gerir e eliminar cookies, consulte a \u201cAjuda\u201d no seu browser. Pode optar por desativar os cookies ou receber uma notifica\u00e7\u00e3o sempre que um novo cookie seja enviado para o seu computador ou dispositivo m\u00f3vel. Tenha em aten\u00e7\u00e3o que, se desativar os cookies, n\u00e3o poder\u00e1 tirar partido de todas as nossas funcionalidades.<\/p>\n<p>[\/et_pb_text][\/et_pb_column][\/et_pb_row][\/et_pb_section]<\/p>\n","protected":false},"excerpt":{"rendered":"<p><span><span><a href=\"https:\/\/www.greenboots.pt\/\">In\u00edcio<\/a><\/span><\/span>Pol\u00edtica de Privacidade Consulte a nossa Pol\u00edtica de PrivacidadeInforma\u00e7\u00e3oA presente pol\u00edtica abrange todos os utilizadores que procedam ao respetivo registo para utilizar o website da GREEN BOOTS. N\u00e3o \u00e9 necess\u00e1rio realizar o registo para aceder \u00e0 funcionalidade de pesquisa do website, mas esse mesmo acesso poder\u00e1 ser condicionado a determinadas \u00e1reas como referido na Cl\u00e1usula [&hellip;]<\/p>\n","protected":false},"author":1,"featured_media":0,"parent":0,"menu_order":999,"comment_status":"closed","ping_status":"open","template":"","meta":{"_et_pb_use_builder":"on","_et_pb_old_content":"","_et_gb_content_width":"","footnotes":""},"class_list":["post-1143","page","type-page","status-publish","hentry"],"yoast_head":"<!-- This site is optimized with the Yoast SEO plugin v27.3 - https:\/\/yoast.com\/product\/yoast-seo-wordpress\/ -->\r\n<title>Pol\u00edtica de Privacidade - Green Boots<\/title>\r\n<meta name=\"robots\" content=\"noindex, follow\" \/>\r\n<meta property=\"og:locale\" content=\"en_GB\" \/>\r\n<meta property=\"og:type\" content=\"article\" \/>\r\n<meta property=\"og:title\" content=\"Pol\u00edtica de Privacidade - Green Boots\" \/>\r\n<meta property=\"og:description\" content=\"Pol\u00edtica de Privacidade Consulte a nossa Pol\u00edtica de PrivacidadeInforma\u00e7\u00e3oA presente pol\u00edtica abrange todos os utilizadores que procedam ao respetivo registo para utilizar o website da GREEN BOOTS. N\u00e3o \u00e9 necess\u00e1rio realizar o registo para aceder \u00e0 funcionalidade de pesquisa do website, mas esse mesmo acesso poder\u00e1 ser condicionado a determinadas \u00e1reas como referido na Cl\u00e1usula [&hellip;]\" \/>\r\n<meta property=\"og:url\" content=\"https:\/\/www.greenboots.pt\/en\/politica-privacidade\/\" \/>\r\n<meta property=\"og:site_name\" content=\"Green Boots\" \/>\r\n<meta property=\"article:publisher\" content=\"https:\/\/www.facebook.com\/itsgreenboots\" \/>\r\n<meta property=\"article:modified_time\" content=\"2022-04-04T16:17:32+00:00\" \/>\r\n<meta property=\"og:image\" content=\"https:\/\/www.greenboots.pt\/wp-content\/uploads\/2020\/11\/green-boots-seo.png\" \/>\r\n\t<meta property=\"og:image:width\" content=\"1200\" \/>\r\n\t<meta property=\"og:image:height\" content=\"630\" \/>\r\n\t<meta property=\"og:image:type\" content=\"image\/png\" \/>\r\n<meta name=\"twitter:card\" content=\"summary_large_image\" \/>\r\n<meta name=\"twitter:label1\" content=\"Estimated reading time\" \/>\n\t<meta name=\"twitter:data1\" content=\"9 minutes\" \/>\r\n<script type=\"application\/ld+json\" class=\"yoast-schema-graph\">{\"@context\":\"https:\\\/\\\/schema.org\",\"@graph\":[{\"@type\":\"WebPage\",\"@id\":\"https:\\\/\\\/www.greenboots.pt\\\/politica-privacidade\\\/\",\"url\":\"https:\\\/\\\/www.greenboots.pt\\\/politica-privacidade\\\/\",\"name\":\"Pol\u00edtica de Privacidade - Green Boots\",\"isPartOf\":{\"@id\":\"https:\\\/\\\/www.greenboots.pt\\\/#website\"},\"datePublished\":\"2020-08-13T16:50:18+00:00\",\"dateModified\":\"2022-04-04T16:17:32+00:00\",\"breadcrumb\":{\"@id\":\"https:\\\/\\\/www.greenboots.pt\\\/politica-privacidade\\\/#breadcrumb\"},\"inLanguage\":\"en-GB\",\"potentialAction\":[{\"@type\":\"ReadAction\",\"target\":[\"https:\\\/\\\/www.greenboots.pt\\\/politica-privacidade\\\/\"]}]},{\"@type\":\"BreadcrumbList\",\"@id\":\"https:\\\/\\\/www.greenboots.pt\\\/politica-privacidade\\\/#breadcrumb\",\"itemListElement\":[{\"@type\":\"ListItem\",\"position\":1,\"name\":\"In\u00edcio\",\"item\":\"https:\\\/\\\/www.greenboots.pt\\\/\"},{\"@type\":\"ListItem\",\"position\":2,\"name\":\"Pol\u00edtica de Privacidade\"}]},{\"@type\":\"WebSite\",\"@id\":\"https:\\\/\\\/www.greenboots.pt\\\/#website\",\"url\":\"https:\\\/\\\/www.greenboots.pt\\\/\",\"name\":\"Green Boots\",\"description\":\"Handmade in Portugal with love\",\"publisher\":{\"@id\":\"https:\\\/\\\/www.greenboots.pt\\\/#organization\"},\"potentialAction\":[{\"@type\":\"SearchAction\",\"target\":{\"@type\":\"EntryPoint\",\"urlTemplate\":\"https:\\\/\\\/www.greenboots.pt\\\/?s={search_term_string}\"},\"query-input\":{\"@type\":\"PropertyValueSpecification\",\"valueRequired\":true,\"valueName\":\"search_term_string\"}}],\"inLanguage\":\"en-GB\"},{\"@type\":\"Organization\",\"@id\":\"https:\\\/\\\/www.greenboots.pt\\\/#organization\",\"name\":\"Green Boots\",\"url\":\"https:\\\/\\\/www.greenboots.pt\\\/\",\"logo\":{\"@type\":\"ImageObject\",\"inLanguage\":\"en-GB\",\"@id\":\"https:\\\/\\\/www.greenboots.pt\\\/#\\\/schema\\\/logo\\\/image\\\/\",\"url\":\"https:\\\/\\\/www.greenboots.pt\\\/wp-content\\\/uploads\\\/2020\\\/11\\\/green-boots-seo.png\",\"contentUrl\":\"https:\\\/\\\/www.greenboots.pt\\\/wp-content\\\/uploads\\\/2020\\\/11\\\/green-boots-seo.png\",\"width\":1200,\"height\":630,\"caption\":\"Green Boots\"},\"image\":{\"@id\":\"https:\\\/\\\/www.greenboots.pt\\\/#\\\/schema\\\/logo\\\/image\\\/\"},\"sameAs\":[\"https:\\\/\\\/www.facebook.com\\\/itsgreenboots\",\"https:\\\/\\\/www.instagram.com\\\/itsgreenboots\\\/\"]}]}<\/script>\r\n<!-- \/ Yoast SEO plugin. -->","yoast_head_json":{"title":"Pol\u00edtica de Privacidade - Green Boots","robots":{"index":"noindex","follow":"follow"},"og_locale":"en_GB","og_type":"article","og_title":"Pol\u00edtica de Privacidade - Green Boots","og_description":"Pol\u00edtica de Privacidade Consulte a nossa Pol\u00edtica de PrivacidadeInforma\u00e7\u00e3oA presente pol\u00edtica abrange todos os utilizadores que procedam ao respetivo registo para utilizar o website da GREEN BOOTS. N\u00e3o \u00e9 necess\u00e1rio realizar o registo para aceder \u00e0 funcionalidade de pesquisa do website, mas esse mesmo acesso poder\u00e1 ser condicionado a determinadas \u00e1reas como referido na Cl\u00e1usula [&hellip;]","og_url":"https:\/\/www.greenboots.pt\/en\/politica-privacidade\/","og_site_name":"Green Boots","article_publisher":"https:\/\/www.facebook.com\/itsgreenboots","article_modified_time":"2022-04-04T16:17:32+00:00","og_image":[{"width":1200,"height":630,"url":"https:\/\/www.greenboots.pt\/wp-content\/uploads\/2020\/11\/green-boots-seo.png","type":"image\/png"}],"twitter_card":"summary_large_image","twitter_misc":{"Estimated reading time":"9 minutes"},"schema":{"@context":"https:\/\/schema.org","@graph":[{"@type":"WebPage","@id":"https:\/\/www.greenboots.pt\/politica-privacidade\/","url":"https:\/\/www.greenboots.pt\/politica-privacidade\/","name":"Pol\u00edtica de Privacidade - Green Boots","isPartOf":{"@id":"https:\/\/www.greenboots.pt\/#website"},"datePublished":"2020-08-13T16:50:18+00:00","dateModified":"2022-04-04T16:17:32+00:00","breadcrumb":{"@id":"https:\/\/www.greenboots.pt\/politica-privacidade\/#breadcrumb"},"inLanguage":"en-GB","potentialAction":[{"@type":"ReadAction","target":["https:\/\/www.greenboots.pt\/politica-privacidade\/"]}]},{"@type":"BreadcrumbList","@id":"https:\/\/www.greenboots.pt\/politica-privacidade\/#breadcrumb","itemListElement":[{"@type":"ListItem","position":1,"name":"In\u00edcio","item":"https:\/\/www.greenboots.pt\/"},{"@type":"ListItem","position":2,"name":"Pol\u00edtica de Privacidade"}]},{"@type":"WebSite","@id":"https:\/\/www.greenboots.pt\/#website","url":"https:\/\/www.greenboots.pt\/","name":"Green Boots","description":"Handmade in Portugal with love","publisher":{"@id":"https:\/\/www.greenboots.pt\/#organization"},"potentialAction":[{"@type":"SearchAction","target":{"@type":"EntryPoint","urlTemplate":"https:\/\/www.greenboots.pt\/?s={search_term_string}"},"query-input":{"@type":"PropertyValueSpecification","valueRequired":true,"valueName":"search_term_string"}}],"inLanguage":"en-GB"},{"@type":"Organization","@id":"https:\/\/www.greenboots.pt\/#organization","name":"Green Boots","url":"https:\/\/www.greenboots.pt\/","logo":{"@type":"ImageObject","inLanguage":"en-GB","@id":"https:\/\/www.greenboots.pt\/#\/schema\/logo\/image\/","url":"https:\/\/www.greenboots.pt\/wp-content\/uploads\/2020\/11\/green-boots-seo.png","contentUrl":"https:\/\/www.greenboots.pt\/wp-content\/uploads\/2020\/11\/green-boots-seo.png","width":1200,"height":630,"caption":"Green Boots"},"image":{"@id":"https:\/\/www.greenboots.pt\/#\/schema\/logo\/image\/"},"sameAs":["https:\/\/www.facebook.com\/itsgreenboots","https:\/\/www.instagram.com\/itsgreenboots\/"]}]}},"_links":{"self":[{"href":"https:\/\/www.greenboots.pt\/en\/wp-json\/wp\/v2\/pages\/1143","targetHints":{"allow":["GET"]}}],"collection":[{"href":"https:\/\/www.greenboots.pt\/en\/wp-json\/wp\/v2\/pages"}],"about":[{"href":"https:\/\/www.greenboots.pt\/en\/wp-json\/wp\/v2\/types\/page"}],"author":[{"embeddable":true,"href":"https:\/\/www.greenboots.pt\/en\/wp-json\/wp\/v2\/users\/1"}],"replies":[{"embeddable":true,"href":"https:\/\/www.greenboots.pt\/en\/wp-json\/wp\/v2\/comments?post=1143"}],"version-history":[{"count":2,"href":"https:\/\/www.greenboots.pt\/en\/wp-json\/wp\/v2\/pages\/1143\/revisions"}],"predecessor-version":[{"id":4951,"href":"https:\/\/www.greenboots.pt\/en\/wp-json\/wp\/v2\/pages\/1143\/revisions\/4951"}],"wp:attachment":[{"href":"https:\/\/www.greenboots.pt\/en\/wp-json\/wp\/v2\/media?parent=1143"}],"curies":[{"name":"wp","href":"https:\/\/api.w.org\/{rel}","templated":true}]}}