{"id":1790,"date":"2020-08-20T17:34:35","date_gmt":"2020-08-20T16:34:35","guid":{"rendered":"http:\/\/greenboots.pt\/minha-conta\/"},"modified":"2020-11-23T11:35:00","modified_gmt":"2020-11-23T11:35:00","slug":"minha-conta","status":"publish","type":"page","link":"https:\/\/www.greenboots.pt\/en\/produtos\/minha-conta\/","title":{"rendered":"My account"},"content":{"rendered":"<p>[et_pb_section fb_built=&#8221;1&#8243; _builder_version=&#8221;4.4.9&#8243; custom_padding=&#8221;0px||100px||false|false&#8221;][et_pb_row _builder_version=&#8221;4.6.6&#8243; custom_padding=&#8221;0px||90px||false|false&#8221; locked=&#8221;off&#8221;][et_pb_column type=&#8221;4_4&#8243; _builder_version=&#8221;4.4.9&#8243;][et_pb_text _builder_version=&#8221;4.7.1&#8243; header_font=&#8221;||||||||&#8221; header_4_font=&#8221;|700||on|||||&#8221; header_4_text_align=&#8221;center&#8221; header_4_letter_spacing=&#8221;1px&#8221; header_4_line_height=&#8221;1.5em&#8221; text_orientation=&#8221;center&#8221; custom_margin=&#8221;80px||||false|false&#8221; custom_padding=&#8221;||0px||false|false&#8221;]<\/p>\n<h4 class=\"msg_welcome\" style=\"padding-bottom: 0px;\">Minha conta<\/h4>\n<h4 class=\"msg_new_cliente\" style=\"padding-bottom: 0px;\">Inicie sess\u00e3o ou Registe-se<\/h4>\n<p class=\"msg_welcome\">Bem-vindo(a) \u00e0 sua \u00e1rea de cliente<\/p>\n<p class=\"msg_new_cliente\">Se ainda n\u00e3o tem uma conta de cliente, por favor preencha o formul\u00e1rio. <\/p>\n<p>[\/et_pb_text][\/et_pb_column][\/et_pb_row][et_pb_row _builder_version=&#8221;4.4.9&#8243; background_size=&#8221;initial&#8221; background_position=&#8221;top_left&#8221; background_repeat=&#8221;repeat&#8221; custom_padding=&#8221;0px||0px||true|false&#8221;][et_pb_column type=&#8221;4_4&#8243; _builder_version=&#8221;3.25&#8243; custom_padding=&#8221;|||&#8221; custom_padding__hover=&#8221;|||&#8221;][et_pb_text _builder_version=&#8221;4.7.1&#8243; header_font_size=&#8221;21px&#8221; background_size=&#8221;initial&#8221; background_position=&#8221;top_left&#8221; background_repeat=&#8221;repeat&#8221;]<div class=\"woocommerce\"><\/div>[\/et_pb_text][\/et_pb_column][\/et_pb_row][\/et_pb_section]<\/p>\n","protected":false},"excerpt":{"rendered":"<p>Minha conta Inicie sess\u00e3o ou Registe-se Bem-vindo(a) \u00e0 sua \u00e1rea de cliente Se ainda n\u00e3o tem uma conta de cliente, por favor preencha o formul\u00e1rio. <div class=\"woocommerce\"><\/div><\/p>","protected":false},"author":1,"featured_media":0,"parent":1787,"menu_order":0,"comment_status":"closed","ping_status":"open","template":"","meta":{"_et_pb_use_builder":"on","_et_pb_old_content":"<!-- wp:shortcode -->[woocommerce_my_account]<!-- \/wp:shortcode -->","_et_gb_content_width":"","footnotes":""},"class_list":["post-1790","page","type-page","status-publish","hentry"],"yoast_head":"<!-- This site is optimized with the Yoast SEO plugin v27.5 - https:\/\/yoast.com\/product\/yoast-seo-wordpress\/ -->\r\n<title>Minha conta - Green Boots<\/title>\r\n<meta name=\"robots\" content=\"noindex, follow\" \/>\r\n<meta property=\"og:locale\" content=\"en_GB\" \/>\r\n<meta property=\"og:type\" content=\"article\" \/>\r\n<meta property=\"og:title\" content=\"Minha conta - Green Boots\" \/>\r\n<meta property=\"og:description\" content=\"Minha conta Inicie sess\u00e3o ou Registe-se Bem-vindo(a) \u00e0 sua \u00e1rea de cliente Se ainda n\u00e3o tem uma conta de cliente, por favor preencha o formul\u00e1rio.\" \/>\r\n<meta property=\"og:url\" content=\"https:\/\/www.greenboots.pt\/en\/produtos\/minha-conta\/\" \/>\r\n<meta property=\"og:site_name\" content=\"Green Boots\" \/>\r\n<meta property=\"article:publisher\" content=\"https:\/\/www.facebook.com\/itsgreenboots\" \/>\r\n<meta property=\"article:modified_time\" content=\"2020-11-23T11:35:00+00:00\" \/>\r\n<meta property=\"og:image\" content=\"https:\/\/www.greenboots.pt\/wp-content\/uploads\/2020\/11\/green-boots-seo.png\" \/>\r\n\t<meta property=\"og:image:width\" content=\"1200\" \/>\r\n\t<meta property=\"og:image:height\" content=\"630\" \/>\r\n\t<meta property=\"og:image:type\" content=\"image\/png\" \/>\r\n<meta name=\"twitter:card\" content=\"summary_large_image\" \/>\r\n<meta name=\"twitter:label1\" content=\"Estimated reading time\" \/>\n\t<meta name=\"twitter:data1\" content=\"1 minute\" \/>\r\n<script type=\"application\/ld+json\" class=\"yoast-schema-graph\">{\"@context\":\"https:\\\/\\\/schema.org\",\"@graph\":[{\"@type\":\"WebPage\",\"@id\":\"https:\\\/\\\/www.greenboots.pt\\\/en\\\/produtos\\\/minha-conta\\\/\",\"url\":\"https:\\\/\\\/www.greenboots.pt\\\/en\\\/produtos\\\/minha-conta\\\/\",\"name\":\"Minha conta - Green Boots\",\"isPartOf\":{\"@id\":\"https:\\\/\\\/www.greenboots.pt\\\/#website\"},\"datePublished\":\"2020-08-20T16:34:35+00:00\",\"dateModified\":\"2020-11-23T11:35:00+00:00\",\"breadcrumb\":{\"@id\":\"https:\\\/\\\/www.greenboots.pt\\\/en\\\/produtos\\\/minha-conta\\\/#breadcrumb\"},\"inLanguage\":\"en-GB\",\"potentialAction\":[{\"@type\":\"ReadAction\",\"target\":[\"https:\\\/\\\/www.greenboots.pt\\\/en\\\/produtos\\\/minha-conta\\\/\"]}]},{\"@type\":\"BreadcrumbList\",\"@id\":\"https:\\\/\\\/www.greenboots.pt\\\/en\\\/produtos\\\/minha-conta\\\/#breadcrumb\",\"itemListElement\":[{\"@type\":\"ListItem\",\"position\":1,\"name\":\"In\u00edcio\",\"item\":\"https:\\\/\\\/www.greenboots.pt\\\/\"},{\"@type\":\"ListItem\",\"position\":2,\"name\":\"Produtos\",\"item\":\"https:\\\/\\\/www.greenboots.pt\\\/produtos\\\/\"},{\"@type\":\"ListItem\",\"position\":3,\"name\":\"Minha conta\"}]},{\"@type\":\"WebSite\",\"@id\":\"https:\\\/\\\/www.greenboots.pt\\\/#website\",\"url\":\"https:\\\/\\\/www.greenboots.pt\\\/\",\"name\":\"Green Boots\",\"description\":\"Handmade in Portugal with love\",\"publisher\":{\"@id\":\"https:\\\/\\\/www.greenboots.pt\\\/#organization\"},\"potentialAction\":[{\"@type\":\"SearchAction\",\"target\":{\"@type\":\"EntryPoint\",\"urlTemplate\":\"https:\\\/\\\/www.greenboots.pt\\\/?s={search_term_string}\"},\"query-input\":{\"@type\":\"PropertyValueSpecification\",\"valueRequired\":true,\"valueName\":\"search_term_string\"}}],\"inLanguage\":\"en-GB\"},{\"@type\":\"Organization\",\"@id\":\"https:\\\/\\\/www.greenboots.pt\\\/#organization\",\"name\":\"Green Boots\",\"url\":\"https:\\\/\\\/www.greenboots.pt\\\/\",\"logo\":{\"@type\":\"ImageObject\",\"inLanguage\":\"en-GB\",\"@id\":\"https:\\\/\\\/www.greenboots.pt\\\/#\\\/schema\\\/logo\\\/image\\\/\",\"url\":\"https:\\\/\\\/www.greenboots.pt\\\/wp-content\\\/uploads\\\/2020\\\/11\\\/green-boots-seo.png\",\"contentUrl\":\"https:\\\/\\\/www.greenboots.pt\\\/wp-content\\\/uploads\\\/2020\\\/11\\\/green-boots-seo.png\",\"width\":1200,\"height\":630,\"caption\":\"Green Boots\"},\"image\":{\"@id\":\"https:\\\/\\\/www.greenboots.pt\\\/#\\\/schema\\\/logo\\\/image\\\/\"},\"sameAs\":[\"https:\\\/\\\/www.facebook.com\\\/itsgreenboots\",\"https:\\\/\\\/www.instagram.com\\\/itsgreenboots\\\/\"]}]}<\/script>\r\n<!-- \/ Yoast SEO plugin. -->","yoast_head_json":{"title":"Minha conta - Green Boots","robots":{"index":"noindex","follow":"follow"},"og_locale":"en_GB","og_type":"article","og_title":"Minha conta - Green Boots","og_description":"Minha conta Inicie sess\u00e3o ou Registe-se Bem-vindo(a) \u00e0 sua \u00e1rea de cliente Se ainda n\u00e3o tem uma conta de cliente, por favor preencha o formul\u00e1rio.","og_url":"https:\/\/www.greenboots.pt\/en\/produtos\/minha-conta\/","og_site_name":"Green Boots","article_publisher":"https:\/\/www.facebook.com\/itsgreenboots","article_modified_time":"2020-11-23T11:35:00+00:00","og_image":[{"width":1200,"height":630,"url":"https:\/\/www.greenboots.pt\/wp-content\/uploads\/2020\/11\/green-boots-seo.png","type":"image\/png"}],"twitter_card":"summary_large_image","twitter_misc":{"Estimated reading time":"1 minute"},"schema":{"@context":"https:\/\/schema.org","@graph":[{"@type":"WebPage","@id":"https:\/\/www.greenboots.pt\/en\/produtos\/minha-conta\/","url":"https:\/\/www.greenboots.pt\/en\/produtos\/minha-conta\/","name":"Minha conta - Green Boots","isPartOf":{"@id":"https:\/\/www.greenboots.pt\/#website"},"datePublished":"2020-08-20T16:34:35+00:00","dateModified":"2020-11-23T11:35:00+00:00","breadcrumb":{"@id":"https:\/\/www.greenboots.pt\/en\/produtos\/minha-conta\/#breadcrumb"},"inLanguage":"en-GB","potentialAction":[{"@type":"ReadAction","target":["https:\/\/www.greenboots.pt\/en\/produtos\/minha-conta\/"]}]},{"@type":"BreadcrumbList","@id":"https:\/\/www.greenboots.pt\/en\/produtos\/minha-conta\/#breadcrumb","itemListElement":[{"@type":"ListItem","position":1,"name":"In\u00edcio","item":"https:\/\/www.greenboots.pt\/"},{"@type":"ListItem","position":2,"name":"Produtos","item":"https:\/\/www.greenboots.pt\/produtos\/"},{"@type":"ListItem","position":3,"name":"Minha conta"}]},{"@type":"WebSite","@id":"https:\/\/www.greenboots.pt\/#website","url":"https:\/\/www.greenboots.pt\/","name":"Green Boots","description":"Handmade in Portugal with love","publisher":{"@id":"https:\/\/www.greenboots.pt\/#organization"},"potentialAction":[{"@type":"SearchAction","target":{"@type":"EntryPoint","urlTemplate":"https:\/\/www.greenboots.pt\/?s={search_term_string}"},"query-input":{"@type":"PropertyValueSpecification","valueRequired":true,"valueName":"search_term_string"}}],"inLanguage":"en-GB"},{"@type":"Organization","@id":"https:\/\/www.greenboots.pt\/#organization","name":"Green Boots","url":"https:\/\/www.greenboots.pt\/","logo":{"@type":"ImageObject","inLanguage":"en-GB","@id":"https:\/\/www.greenboots.pt\/#\/schema\/logo\/image\/","url":"https:\/\/www.greenboots.pt\/wp-content\/uploads\/2020\/11\/green-boots-seo.png","contentUrl":"https:\/\/www.greenboots.pt\/wp-content\/uploads\/2020\/11\/green-boots-seo.png","width":1200,"height":630,"caption":"Green Boots"},"image":{"@id":"https:\/\/www.greenboots.pt\/#\/schema\/logo\/image\/"},"sameAs":["https:\/\/www.facebook.com\/itsgreenboots","https:\/\/www.instagram.com\/itsgreenboots\/"]}]}},"_links":{"self":[{"href":"https:\/\/www.greenboots.pt\/en\/wp-json\/wp\/v2\/pages\/1790","targetHints":{"allow":["GET"]}}],"collection":[{"href":"https:\/\/www.greenboots.pt\/en\/wp-json\/wp\/v2\/pages"}],"about":[{"href":"https:\/\/www.greenboots.pt\/en\/wp-json\/wp\/v2\/types\/page"}],"author":[{"embeddable":true,"href":"https:\/\/www.greenboots.pt\/en\/wp-json\/wp\/v2\/users\/1"}],"replies":[{"embeddable":true,"href":"https:\/\/www.greenboots.pt\/en\/wp-json\/wp\/v2\/comments?post=1790"}],"version-history":[{"count":0,"href":"https:\/\/www.greenboots.pt\/en\/wp-json\/wp\/v2\/pages\/1790\/revisions"}],"up":[{"embeddable":true,"href":"https:\/\/www.greenboots.pt\/en\/wp-json\/wp\/v2\/pages\/1787"}],"wp:attachment":[{"href":"https:\/\/www.greenboots.pt\/en\/wp-json\/wp\/v2\/media?parent=1790"}],"curies":[{"name":"wp","href":"https:\/\/api.w.org\/{rel}","templated":true}]}}